{"id":43,"date":"2020-05-01T18:44:53","date_gmt":"2020-05-01T18:44:53","guid":{"rendered":"http:\/\/www.sic-tn.com\/test\/test\/?page_id=43"},"modified":"2020-05-01T20:47:10","modified_gmt":"2020-05-01T20:47:10","slug":"services","status":"publish","type":"page","link":"https:\/\/www.sic-tn.com\/?page_id=43","title":{"rendered":"Services"},"content":{"rendered":"\n<p>Vente de mat\u00e9riels et logiciels informatiques<\/p>\n\n\n\n<p>Maintenance informatique<\/p>\n\n\n\n<p>C\u00e2blage r\u00e9seau<\/p>\n\n\n\n<p>Installation Cam\u00e9ra de surveillance<\/p>\n\n\n\n<p>Installation t\u00e9l\u00e9phonique VOIP<\/p>\n\n\n\n<p>Audit informatique<\/p>\n\n\n\n<p>Conseils dans les technologies de l\u2019information (Syst\u00e8me, R\u00e9seau et s\u00e9curit\u00e9)<\/p>\n","protected":false},"excerpt":{"rendered":"<p>Vente de mat\u00e9riels et logiciels informatiques Maintenance informatique C\u00e2blage r\u00e9seau Installation Cam\u00e9ra de surveillance Installation t\u00e9l\u00e9phonique VOIP Audit informatique Conseils dans les technologies de l\u2019information (Syst\u00e8me, R\u00e9seau et s\u00e9curit\u00e9)<\/p>\n","protected":false},"author":1,"featured_media":0,"parent":0,"menu_order":0,"comment_status":"closed","ping_status":"closed","template":"","meta":[],"_links":{"self":[{"href":"https:\/\/www.sic-tn.com\/index.php?rest_route=\/wp\/v2\/pages\/43"}],"collection":[{"href":"https:\/\/www.sic-tn.com\/index.php?rest_route=\/wp\/v2\/pages"}],"about":[{"href":"https:\/\/www.sic-tn.com\/index.php?rest_route=\/wp\/v2\/types\/page"}],"author":[{"embeddable":true,"href":"https:\/\/www.sic-tn.com\/index.php?rest_route=\/wp\/v2\/users\/1"}],"replies":[{"embeddable":true,"href":"https:\/\/www.sic-tn.com\/index.php?rest_route=%2Fwp%2Fv2%2Fcomments&post=43"}],"version-history":[{"count":2,"href":"https:\/\/www.sic-tn.com\/index.php?rest_route=\/wp\/v2\/pages\/43\/revisions"}],"predecessor-version":[{"id":81,"href":"https:\/\/www.sic-tn.com\/index.php?rest_route=\/wp\/v2\/pages\/43\/revisions\/81"}],"wp:attachment":[{"href":"https:\/\/www.sic-tn.com\/index.php?rest_route=%2Fwp%2Fv2%2Fmedia&parent=43"}],"curies":[{"name":"wp","href":"https:\/\/api.w.org\/{rel}","templated":true}]}}