{"id":12,"date":"2020-04-28T11:41:10","date_gmt":"2020-04-28T11:41:10","guid":{"rendered":"http:\/\/www.sic-tn.com\/test\/test\/?page_id=12"},"modified":"2020-05-02T12:45:50","modified_gmt":"2020-05-02T12:45:50","slug":"a-propos","status":"publish","type":"page","link":"https:\/\/www.sic-tn.com\/","title":{"rendered":""},"content":{"rendered":"\n<figure class=\"wp-block-image size-large is-resized\"><img decoding=\"async\" loading=\"lazy\" src=\"http:\/\/www.sic-tn.com\/test\/wp-content\/uploads\/2020\/04\/LOGO-SIC-1024x255.png\" alt=\"\" class=\"wp-image-5\" width=\"287\" height=\"70\" srcset=\"https:\/\/www.sic-tn.com\/test\/wp-content\/uploads\/2020\/04\/LOGO-SIC-1024x255.png 1024w, https:\/\/www.sic-tn.com\/test\/wp-content\/uploads\/2020\/04\/LOGO-SIC-768x191.png 768w, https:\/\/www.sic-tn.com\/test\/wp-content\/uploads\/2020\/04\/LOGO-SIC-2048x510.png 2048w\" sizes=\"(max-width: 287px) 100vw, 287px\" \/><\/figure>\n\n\n\n<p class=\"has-text-align-left\">&nbsp; <strong>Sic <\/strong>&nbsp;&nbsp;est une soci\u00e9t\u00e9 de services informatiques et formation, sp\u00e9cialis\u00e9e dans le conseil, l&rsquo;int\u00e9gration de syst\u00e8mes et la gestion des infrastructures informatiques.<\/p>\n\n\n\n<p>&nbsp;&nbsp;&nbsp;&nbsp;Notre mission est d&rsquo;aider les clients \u00e0 \u00e9laborer leur vision informatique et \u00e0 construire leurs projets, tout en respectant les exigences de leur secteur. Compos\u00e9e d&rsquo;une \u00e9quipe jeune et dynamique ses comp\u00e9tences sauront \u00e0 coup s\u00fbr vous convaincre.<\/p>\n\n\n\n<p>&nbsp;&nbsp;&nbsp;&nbsp;Pr\u00e9sente \u00e0 vos c\u00f4t\u00e9s quelque soit votre besoin en informatique qu&rsquo;il s&rsquo;agisse de services, solutions ou mat\u00e9riel et logiciel, <strong>Sic<\/strong> s\u2019adresse \u00e0 tout client ayant l&rsquo;outil informatique comme \u00e9quipement&nbsp;: particuliers, entreprises, administrations, collectivit\u00e9s et associations. Afin de mieux r\u00e9pondre aux besoins informatiques.<\/p>\n\n\n\n<p class=\"has-text-align-center\"><a href=\"http:\/\/www.sic-tn.com\/pdfdoc\/FlyerSic-2020.pdf\">Plaquette<\/a><\/p>\n","protected":false},"excerpt":{"rendered":"<p>&nbsp; Sic &nbsp;&nbsp;est une soci\u00e9t\u00e9 de services informatiques et formation, sp\u00e9cialis\u00e9e dans le conseil, l&rsquo;int\u00e9gration de syst\u00e8mes et la gestion des infrastructures informatiques. &nbsp;&nbsp;&nbsp;&nbsp;Notre mission est d&rsquo;aider les clients \u00e0 \u00e9laborer leur vision informatique et \u00e0 construire leurs projets, tout en respectant les exigences de leur secteur. Compos\u00e9e d&rsquo;une \u00e9quipe jeune et dynamique ses comp\u00e9tences &hellip; <\/p>\n<p class=\"link-more\"><a href=\"https:\/\/www.sic-tn.com\/\" class=\"more-link\">Continuer la lecture<span class=\"screen-reader-text\"> de &laquo;&nbsp;&nbsp;&raquo;<\/span><\/a><\/p>\n","protected":false},"author":1,"featured_media":0,"parent":0,"menu_order":0,"comment_status":"closed","ping_status":"closed","template":"","meta":[],"_links":{"self":[{"href":"https:\/\/www.sic-tn.com\/index.php?rest_route=\/wp\/v2\/pages\/12"}],"collection":[{"href":"https:\/\/www.sic-tn.com\/index.php?rest_route=\/wp\/v2\/pages"}],"about":[{"href":"https:\/\/www.sic-tn.com\/index.php?rest_route=\/wp\/v2\/types\/page"}],"author":[{"embeddable":true,"href":"https:\/\/www.sic-tn.com\/index.php?rest_route=\/wp\/v2\/users\/1"}],"replies":[{"embeddable":true,"href":"https:\/\/www.sic-tn.com\/index.php?rest_route=%2Fwp%2Fv2%2Fcomments&post=12"}],"version-history":[{"count":10,"href":"https:\/\/www.sic-tn.com\/index.php?rest_route=\/wp\/v2\/pages\/12\/revisions"}],"predecessor-version":[{"id":138,"href":"https:\/\/www.sic-tn.com\/index.php?rest_route=\/wp\/v2\/pages\/12\/revisions\/138"}],"wp:attachment":[{"href":"https:\/\/www.sic-tn.com\/index.php?rest_route=%2Fwp%2Fv2%2Fmedia&parent=12"}],"curies":[{"name":"wp","href":"https:\/\/api.w.org\/{rel}","templated":true}]}}